{"id":88,"date":"2021-01-01T11:08:34","date_gmt":"2021-01-01T10:08:34","guid":{"rendered":"https:\/\/www.mec-nuernberg.de\/2021\/?page_id=88"},"modified":"2026-01-07T08:53:04","modified_gmt":"2026-01-07T07:53:04","slug":"kontakt","status":"publish","type":"page","link":"https:\/\/www.mec-nuernberg.de\/2021\/kontakt\/","title":{"rendered":"Kontakt"},"content":{"rendered":"\n<p id=\"u1182-2\"><strong>MEC N\u00fcrnberg e.V.<\/strong><br><br><strong>Clubheim:<\/strong><br>Nimrodstra\u00dfe 10, Bau 5, Eingang A, 3. OG<br>(zweites Geb\u00e4ude rechts, Zugang \u00fcber rechten Treppenturm)<br>ehem. Geyergel\u00e4nde<br>90441 N\u00fcrnberg<\/p>\n\n\n\n<p id=\"u1182-18\"><strong>Postanschrift:<\/strong><br>Modelleisenbahnclub N\u00fcrnberg e.V.<br>Steffen F\u00fcller<br>Culmer Str. 20<br>90491 N\u00fcrnberg<\/p>\n\n\n\n<p>Tel: +49 178 800 14 78<br>Email:&nbsp;<a href=\"mailto:info@mec-nuernberg.de\">info@mec-nuernberg.de<\/a><\/p>\n\n\n\n<p id=\"u1182-37\"><strong>Bankverbindung:<\/strong><br>Modell-Eisenbahn-Club Nbg.eV<br>DE98760501010001059256<br>SSKKNDE77XXX Sparkasse N\u00fcrnberg<\/p>\n\n\n\n<p><br><br>Sie k\u00f6nnen uns \u00fcber das Kontaktformular eine Nachricht zukommen lassen.<\/p>\n\n\n<div class=\"wpforms-container wpforms-container-full wpforms-block wpforms-block-426bf48f-ce43-4bec-af76-827cf5c02640\" id=\"wpforms-90\"><form id=\"wpforms-form-90\" class=\"wpforms-validate wpforms-form\" data-formid=\"90\" method=\"post\" enctype=\"multipart\/form-data\" action=\"\/2021\/wp-json\/wp\/v2\/pages\/88\" data-token=\"fd90151b01b32057e7ac821a8c0e343e\" data-token-time=\"1777889677\"><noscript class=\"wpforms-error-noscript\">Bitte aktiviere JavaScript in deinem Browser, um dieses Formular fertigzustellen.<\/noscript><div class=\"wpforms-field-container\"><div id=\"wpforms-90-field_0-container\" class=\"wpforms-field wpforms-field-name\" data-field-id=\"0\"><label class=\"wpforms-field-label\">Name <span class=\"wpforms-required-label\">*<\/span><\/label><div class=\"wpforms-field-row wpforms-field-medium\"><div class=\"wpforms-field-row-block wpforms-first wpforms-one-half\"><input type=\"text\" id=\"wpforms-90-field_0\" class=\"wpforms-field-name-first wpforms-field-required\" name=\"wpforms[fields][0][first]\" required><label for=\"wpforms-90-field_0\" class=\"wpforms-field-sublabel after\">Vorname<\/label><\/div><div class=\"wpforms-field-row-block wpforms-one-half\"><input type=\"text\" id=\"wpforms-90-field_0-last\" class=\"wpforms-field-name-last wpforms-field-required\" name=\"wpforms[fields][0][last]\" required><label for=\"wpforms-90-field_0-last\" class=\"wpforms-field-sublabel after\">Nachname<\/label><\/div><\/div><\/div><div id=\"wpforms-90-field_1-container\" class=\"wpforms-field wpforms-field-email\" data-field-id=\"1\"><label class=\"wpforms-field-label\" for=\"wpforms-90-field_1\">E-Mail <span class=\"wpforms-required-label\">*<\/span><\/label><input type=\"email\" id=\"wpforms-90-field_1\" class=\"wpforms-field-medium wpforms-field-required\" name=\"wpforms[fields][1]\" spellcheck=\"false\" required><\/div><div id=\"wpforms-90-field_3-container\" class=\"wpforms-field wpforms-field-text\" data-field-id=\"3\"><label class=\"wpforms-field-label\" for=\"wpforms-90-field_3\">Betreff <span class=\"wpforms-required-label\">*<\/span><\/label><input type=\"text\" id=\"wpforms-90-field_3\" class=\"wpforms-field-medium wpforms-field-required\" name=\"wpforms[fields][3]\" required><\/div><div id=\"wpforms-90-field_2-container\" class=\"wpforms-field wpforms-field-textarea\" data-field-id=\"2\"><label class=\"wpforms-field-label\" for=\"wpforms-90-field_2\">Kommentar oder Nachricht <span class=\"wpforms-required-label\">*<\/span><\/label><textarea id=\"wpforms-90-field_2\" class=\"wpforms-field-medium wpforms-field-required\" name=\"wpforms[fields][2]\" required><\/textarea><\/div><div id=\"wpforms-90-field_4-container\" class=\"wpforms-field wpforms-field-checkbox\" data-field-id=\"4\"><label class=\"wpforms-field-label\">DSGVO-Einverst\u00e4ndnis <span class=\"wpforms-required-label\">*<\/span><\/label><ul id=\"wpforms-90-field_4\" class=\"wpforms-field-required\"><li class=\"choice-1 depth-1\"><input type=\"checkbox\" id=\"wpforms-90-field_4_1\" name=\"wpforms[fields][4][]\" value=\"Ich willige ein, dass diese Website meine \u00fcbermittelten Informationen speichert, so dass meine Anfrage beantwortet werden kann.\" required ><label class=\"wpforms-field-label-inline\" for=\"wpforms-90-field_4_1\">Ich willige ein, dass diese Website meine \u00fcbermittelten Informationen speichert, so dass meine Anfrage beantwortet werden kann.<\/label><\/li><\/ul><\/div><\/div><!-- .wpforms-field-container --><div class=\"wpforms-submit-container\" ><input type=\"hidden\" name=\"wpforms[id]\" value=\"90\"><input type=\"hidden\" name=\"page_title\" value=\"\"><input type=\"hidden\" name=\"page_url\" value=\"https:\/\/www.mec-nuernberg.de\/2021\/wp-json\/wp\/v2\/pages\/88\"><input type=\"hidden\" name=\"url_referer\" value=\"\"><button type=\"submit\" name=\"wpforms[submit]\" id=\"wpforms-submit-90\" class=\"wpforms-submit\" data-alt-text=\"Senden...\" data-submit-text=\"Absenden\" aria-live=\"assertive\" value=\"wpforms-submit\">Absenden<\/button><\/div><\/form><\/div>  <!-- .wpforms-container -->\n\n\n<p>Bitte die mit <span class=\"has-inline-color has-vivid-red-color\">*<\/span> gekennzeichneten Felder ausf\u00fcllen.<\/p>\n\n\n\n<p><br><br>Alternativ k\u00f6nnen Sie uns eine Email an <a rel=\"noreferrer noopener\" href=\"mailto:mimru@web.de\" data-type=\"mailto\" data-id=\"mailto:mimru@web.de\" target=\"_blank\">info@mec-nuernberg.de<\/a> senden.<\/p>\n\n\n\n<p>Das Impressum finden Sie <a href=\"http:\/\/www.mec-nuernberg.de\/2021\/impressum\/\" data-type=\"URL\">hier<\/a>.<\/p>\n","protected":false},"excerpt":{"rendered":"<p>MEC N\u00fcrnberg e.V. Clubheim:Nimrodstra\u00dfe 10, Bau 5, Eingang A, 3. OG(zweites Geb\u00e4ude rechts, Zugang \u00fcber rechten Treppenturm)ehem. Geyergel\u00e4nde90441 N\u00fcrnberg Postanschrift:Modelleisenbahnclub N\u00fcrnberg e.V.Steffen F\u00fcllerCulmer Str. 2090491 N\u00fcrnberg Tel: +49 178 800 14 78Email:&nbsp;info@mec-nuernberg.de Bankverbindung:Modell-Eisenbahn-Club Nbg.eVDE98760501010001059256SSKKNDE77XXX Sparkasse N\u00fcrnberg Sie k\u00f6nnen uns \u00fcber das Kontaktformular eine Nachricht zukommen lassen. Bitte die mit * gekennzeichneten Felder ausf\u00fcllen. Alternativ k\u00f6nnen &#8230; <\/p>\n<p class=\"read-more-container\"><a title=\"Kontakt\" class=\"read-more button\" href=\"https:\/\/www.mec-nuernberg.de\/2021\/kontakt\/#more-88\" aria-label=\"Mehr zu Kontakt\">Weiterlesen &#8230; <\/a><\/p>\n","protected":false},"author":1,"featured_media":0,"parent":0,"menu_order":0,"comment_status":"closed","ping_status":"closed","template":"","meta":{"footnotes":""},"folder":[],"class_list":["post-88","page","type-page","status-publish"],"_links":{"self":[{"href":"https:\/\/www.mec-nuernberg.de\/2021\/wp-json\/wp\/v2\/pages\/88","targetHints":{"allow":["GET"]}}],"collection":[{"href":"https:\/\/www.mec-nuernberg.de\/2021\/wp-json\/wp\/v2\/pages"}],"about":[{"href":"https:\/\/www.mec-nuernberg.de\/2021\/wp-json\/wp\/v2\/types\/page"}],"author":[{"embeddable":true,"href":"https:\/\/www.mec-nuernberg.de\/2021\/wp-json\/wp\/v2\/users\/1"}],"replies":[{"embeddable":true,"href":"https:\/\/www.mec-nuernberg.de\/2021\/wp-json\/wp\/v2\/comments?post=88"}],"version-history":[{"count":8,"href":"https:\/\/www.mec-nuernberg.de\/2021\/wp-json\/wp\/v2\/pages\/88\/revisions"}],"predecessor-version":[{"id":1474,"href":"https:\/\/www.mec-nuernberg.de\/2021\/wp-json\/wp\/v2\/pages\/88\/revisions\/1474"}],"wp:attachment":[{"href":"https:\/\/www.mec-nuernberg.de\/2021\/wp-json\/wp\/v2\/media?parent=88"}],"wp:term":[{"taxonomy":"folder","embeddable":true,"href":"https:\/\/www.mec-nuernberg.de\/2021\/wp-json\/wp\/v2\/folder?post=88"}],"curies":[{"name":"wp","href":"https:\/\/api.w.org\/{rel}","templated":true}]}}