{"id":67,"date":"2021-01-01T10:43:46","date_gmt":"2021-01-01T09:43:46","guid":{"rendered":"https:\/\/www.mec-nuernberg.de\/2021\/?page_id=67"},"modified":"2025-03-02T22:07:44","modified_gmt":"2025-03-02T21:07:44","slug":"mobile-modulanlage","status":"publish","type":"page","link":"https:\/\/www.mec-nuernberg.de\/2021\/anlagen\/mobile-modulanlage\/","title":{"rendered":"Mobile Modulanlage"},"content":{"rendered":"\n<p id=\"block-bc8ffab0-cc40-4ca4-8dc1-1ac480eb1aa5\">Die Modulanlage ist flexibel geplant und erm\u00f6glicht den Aufbau unterschiedlicher Formvarianten.<\/p>\n\n\n\n<figure class=\"wp-block-image size-large\" id=\"block-25735b9e-2351-40a0-86a4-d8ef2a6af3ed\"><img loading=\"lazy\" decoding=\"async\" width=\"1024\" height=\"686\" src=\"https:\/\/www.mec-nuernberg.de\/2021\/wp-content\/uploads\/2021\/01\/Module-1024x686.jpg\" alt=\"\" class=\"wp-image-65\" srcset=\"https:\/\/www.mec-nuernberg.de\/2021\/wp-content\/uploads\/2021\/01\/Module-1024x686.jpg 1024w, https:\/\/www.mec-nuernberg.de\/2021\/wp-content\/uploads\/2021\/01\/Module-300x201.jpg 300w, https:\/\/www.mec-nuernberg.de\/2021\/wp-content\/uploads\/2021\/01\/Module-768x514.jpg 768w, https:\/\/www.mec-nuernberg.de\/2021\/wp-content\/uploads\/2021\/01\/Module-1536x1029.jpg 1536w, https:\/\/www.mec-nuernberg.de\/2021\/wp-content\/uploads\/2021\/01\/Module-2048x1372.jpg 2048w\" sizes=\"auto, (max-width: 1024px) 100vw, 1024px\" \/><\/figure>\n\n\n\n<p id=\"block-15e5e983-2a77-49fb-9e79-c64cb9787935\">Steckbrief Modul-Anlage<\/p>\n\n\n\n<figure class=\"wp-block-table is-style-stripes\"><table><tbody><tr><td>Grundkonzept:<\/td><td>Digitale 2-Leiter DCC Modellbahn<br>\u00a0<br>Zweigleisige Hauptbahn als Hundeknochen mit 2 Wenden und abzweigender Nebenbahn<br>Derzeit im Bau ca. 20m Modull\u00e4nge und 60m Gleisl\u00e4nge, nach Fremo<br>\u00a0<br>Nebenbahn mit mehreren Zwischenbahnh\u00f6fen und Betriebsstellen und 2 Abstellbahnh\u00f6fen<br>Derzeit ca. 40m Modull\u00e4nge und 90m Gleisl\u00e4nge fertiggestellt oder im Bau, nach Fremo und Vereinsnorm<br>\u00a0<br>Modular einsetzbar in U-, I-, S-, L-Form, je nach verf\u00fcgbarem Platzangebot Haupt- und\/oder Nebenbahn<br>\u00a0<br>Betrieb wird aus allen Epochen gemacht, jedoch sind Z\u00fcge epochenrein gebildet<\/td><\/tr><tr><td>Anlagenfl\u00e4che:<\/td><td>ca. 12m\u00b2 Hauptbahn auf 20 Module\/Segmente<br>ca. 20m\u00b2 Nebenbahn auf 40 Module\/Segmente<\/td><\/tr><tr><td>Gleisl\u00e4nge:<\/td><td>ca. 150 m<\/td><\/tr><tr><td>Weichen:<\/td><td>ca. 50<\/td><\/tr><tr><td>Bahnh\u00f6fe:<\/td><td>3-gleisiger Zwischen-\/oder Endbahnhof Epoche 5<br>2-gleisiger Zwischenbahnhof Epoche 1<\/td><\/tr><tr><td>Schiebeb\u00fchne\/Drehscheibe:<\/td><td>je 1<\/td><\/tr><tr><td>Abstellbahnhof:<\/td><td>11 Gleise mit Schiebeb\u00fchne<br>16 Gleise mit Drehscheibe und 7 Lokgleise<\/td><\/tr><tr><td>einsetzbare Z\u00fcge:<\/td><td>Hauptbahn ca. 8 Z\u00fcge<br>Nebenbahn ca. 22 Z\u00fcge<\/td><\/tr><tr><td>gleichzeitig fahrbare Z\u00fcge:<\/td><td>Hauptbahn 3-4 Z\u00fcge<br>Nebenbahn 2-3 Z\u00fcge<\/td><\/tr><tr><td>Digitalsteuerung:<\/td><td>Fahren Roco Z21<br>Roco Multimaus<br>Fremo Wifred<br>Smartphone<br>Booster Tams<br>Schalten Digikeijs DR5000\/ YaMoRC YD7010<br>Steuerung per PC und\/oder Hand<br>Fahren automatisch per PC und\/oder mit Handregler<\/td><\/tr><\/tbody><\/table><\/figure>\n\n\n\n<figure class=\"wp-block-image size-large\" id=\"block-b1d32f70-df69-4417-aefb-1cfef39712f2\"><img loading=\"lazy\" decoding=\"async\" width=\"1024\" height=\"714\" src=\"https:\/\/www.mec-nuernberg.de\/2021\/wp-content\/uploads\/2021\/01\/2011.10.161200h218256MitterwachtTdoT_test-1024x714.jpg\" alt=\"\" class=\"wp-image-64\" srcset=\"https:\/\/www.mec-nuernberg.de\/2021\/wp-content\/uploads\/2021\/01\/2011.10.161200h218256MitterwachtTdoT_test-1024x714.jpg 1024w, https:\/\/www.mec-nuernberg.de\/2021\/wp-content\/uploads\/2021\/01\/2011.10.161200h218256MitterwachtTdoT_test-300x209.jpg 300w, https:\/\/www.mec-nuernberg.de\/2021\/wp-content\/uploads\/2021\/01\/2011.10.161200h218256MitterwachtTdoT_test-768x536.jpg 768w, https:\/\/www.mec-nuernberg.de\/2021\/wp-content\/uploads\/2021\/01\/2011.10.161200h218256MitterwachtTdoT_test-1536x1071.jpg 1536w, https:\/\/www.mec-nuernberg.de\/2021\/wp-content\/uploads\/2021\/01\/2011.10.161200h218256MitterwachtTdoT_test-2048x1428.jpg 2048w\" sizes=\"auto, (max-width: 1024px) 100vw, 1024px\" \/><\/figure>\n\n\n\n<p><\/p>\n\n\n\n<figure class=\"wp-block-image size-large\"><img loading=\"lazy\" decoding=\"async\" width=\"1024\" height=\"473\" src=\"https:\/\/www.mec-nuernberg.de\/2021\/wp-content\/uploads\/2025\/01\/20241013_154955-1024x473.jpg\" alt=\"\" class=\"wp-image-1236\" srcset=\"https:\/\/www.mec-nuernberg.de\/2021\/wp-content\/uploads\/2025\/01\/20241013_154955-1024x473.jpg 1024w, https:\/\/www.mec-nuernberg.de\/2021\/wp-content\/uploads\/2025\/01\/20241013_154955-300x139.jpg 300w, https:\/\/www.mec-nuernberg.de\/2021\/wp-content\/uploads\/2025\/01\/20241013_154955-768x355.jpg 768w, https:\/\/www.mec-nuernberg.de\/2021\/wp-content\/uploads\/2025\/01\/20241013_154955-1536x709.jpg 1536w, https:\/\/www.mec-nuernberg.de\/2021\/wp-content\/uploads\/2025\/01\/20241013_154955-2048x946.jpg 2048w\" sizes=\"auto, (max-width: 1024px) 100vw, 1024px\" \/><\/figure>\n\n\n\n<p><\/p>\n\n\n\n<figure class=\"wp-block-image size-large\"><img loading=\"lazy\" decoding=\"async\" width=\"1024\" height=\"473\" src=\"https:\/\/www.mec-nuernberg.de\/2021\/wp-content\/uploads\/2025\/03\/20241013_121618-1024x473.jpg\" alt=\"\" class=\"wp-image-1251\" srcset=\"https:\/\/www.mec-nuernberg.de\/2021\/wp-content\/uploads\/2025\/03\/20241013_121618-1024x473.jpg 1024w, https:\/\/www.mec-nuernberg.de\/2021\/wp-content\/uploads\/2025\/03\/20241013_121618-300x139.jpg 300w, https:\/\/www.mec-nuernberg.de\/2021\/wp-content\/uploads\/2025\/03\/20241013_121618-768x355.jpg 768w, https:\/\/www.mec-nuernberg.de\/2021\/wp-content\/uploads\/2025\/03\/20241013_121618-1536x709.jpg 1536w, https:\/\/www.mec-nuernberg.de\/2021\/wp-content\/uploads\/2025\/03\/20241013_121618-2048x946.jpg 2048w\" sizes=\"auto, (max-width: 1024px) 100vw, 1024px\" \/><\/figure>\n\n\n\n<p><\/p>\n\n\n\n<figure class=\"wp-block-image size-large\"><img loading=\"lazy\" decoding=\"async\" width=\"1024\" height=\"473\" src=\"https:\/\/www.mec-nuernberg.de\/2021\/wp-content\/uploads\/2025\/03\/20241013_122841-1024x473.jpg\" alt=\"\" class=\"wp-image-1253\" srcset=\"https:\/\/www.mec-nuernberg.de\/2021\/wp-content\/uploads\/2025\/03\/20241013_122841-1024x473.jpg 1024w, https:\/\/www.mec-nuernberg.de\/2021\/wp-content\/uploads\/2025\/03\/20241013_122841-300x139.jpg 300w, https:\/\/www.mec-nuernberg.de\/2021\/wp-content\/uploads\/2025\/03\/20241013_122841-768x355.jpg 768w, https:\/\/www.mec-nuernberg.de\/2021\/wp-content\/uploads\/2025\/03\/20241013_122841-1536x709.jpg 1536w, https:\/\/www.mec-nuernberg.de\/2021\/wp-content\/uploads\/2025\/03\/20241013_122841-2048x946.jpg 2048w\" sizes=\"auto, (max-width: 1024px) 100vw, 1024px\" \/><\/figure>\n\n\n\n<p><\/p>\n\n\n<div class=\"wp-block-image\">\n<figure class=\"aligncenter size-large\"><img loading=\"lazy\" decoding=\"async\" width=\"683\" height=\"1024\" src=\"https:\/\/www.mec-nuernberg.de\/2021\/wp-content\/uploads\/2025\/03\/DSC_0624-683x1024.jpg\" alt=\"\" class=\"wp-image-1255\" srcset=\"https:\/\/www.mec-nuernberg.de\/2021\/wp-content\/uploads\/2025\/03\/DSC_0624-683x1024.jpg 683w, https:\/\/www.mec-nuernberg.de\/2021\/wp-content\/uploads\/2025\/03\/DSC_0624-200x300.jpg 200w, https:\/\/www.mec-nuernberg.de\/2021\/wp-content\/uploads\/2025\/03\/DSC_0624-768x1152.jpg 768w, https:\/\/www.mec-nuernberg.de\/2021\/wp-content\/uploads\/2025\/03\/DSC_0624-1024x1536.jpg 1024w, https:\/\/www.mec-nuernberg.de\/2021\/wp-content\/uploads\/2025\/03\/DSC_0624.jpg 1080w\" sizes=\"auto, (max-width: 683px) 100vw, 683px\" \/><\/figure>\n<\/div>\n\n\n<p><\/p>\n\n\n\n<figure class=\"wp-block-image size-large\"><img loading=\"lazy\" decoding=\"async\" width=\"1024\" height=\"683\" src=\"https:\/\/www.mec-nuernberg.de\/2021\/wp-content\/uploads\/2025\/03\/DSCF4465-1024x683.jpg\" alt=\"\" class=\"wp-image-1254\" srcset=\"https:\/\/www.mec-nuernberg.de\/2021\/wp-content\/uploads\/2025\/03\/DSCF4465-1024x683.jpg 1024w, https:\/\/www.mec-nuernberg.de\/2021\/wp-content\/uploads\/2025\/03\/DSCF4465-300x200.jpg 300w, https:\/\/www.mec-nuernberg.de\/2021\/wp-content\/uploads\/2025\/03\/DSCF4465-768x512.jpg 768w, https:\/\/www.mec-nuernberg.de\/2021\/wp-content\/uploads\/2025\/03\/DSCF4465-1536x1024.jpg 1536w, https:\/\/www.mec-nuernberg.de\/2021\/wp-content\/uploads\/2025\/03\/DSCF4465.jpg 1980w\" sizes=\"auto, (max-width: 1024px) 100vw, 1024px\" \/><\/figure>\n\n\n\n<p><\/p>\n\n\n\n<figure class=\"wp-block-image size-large\"><img loading=\"lazy\" decoding=\"async\" width=\"1024\" height=\"683\" src=\"https:\/\/www.mec-nuernberg.de\/2021\/wp-content\/uploads\/2025\/03\/DSCF4050-1024x683.jpg\" alt=\"\" class=\"wp-image-1256\" srcset=\"https:\/\/www.mec-nuernberg.de\/2021\/wp-content\/uploads\/2025\/03\/DSCF4050-1024x683.jpg 1024w, https:\/\/www.mec-nuernberg.de\/2021\/wp-content\/uploads\/2025\/03\/DSCF4050-300x200.jpg 300w, https:\/\/www.mec-nuernberg.de\/2021\/wp-content\/uploads\/2025\/03\/DSCF4050-768x512.jpg 768w, https:\/\/www.mec-nuernberg.de\/2021\/wp-content\/uploads\/2025\/03\/DSCF4050-1536x1024.jpg 1536w, https:\/\/www.mec-nuernberg.de\/2021\/wp-content\/uploads\/2025\/03\/DSCF4050.jpg 1980w\" sizes=\"auto, (max-width: 1024px) 100vw, 1024px\" \/><\/figure>\n\n\n\n<p><\/p>\n\n\n\n<figure class=\"wp-block-image size-large\"><img loading=\"lazy\" decoding=\"async\" width=\"1024\" height=\"683\" src=\"https:\/\/www.mec-nuernberg.de\/2021\/wp-content\/uploads\/2025\/03\/DSCF4460-1024x683.jpg\" alt=\"\" class=\"wp-image-1263\" srcset=\"https:\/\/www.mec-nuernberg.de\/2021\/wp-content\/uploads\/2025\/03\/DSCF4460-1024x683.jpg 1024w, https:\/\/www.mec-nuernberg.de\/2021\/wp-content\/uploads\/2025\/03\/DSCF4460-300x200.jpg 300w, https:\/\/www.mec-nuernberg.de\/2021\/wp-content\/uploads\/2025\/03\/DSCF4460-768x512.jpg 768w, https:\/\/www.mec-nuernberg.de\/2021\/wp-content\/uploads\/2025\/03\/DSCF4460-1536x1024.jpg 1536w, https:\/\/www.mec-nuernberg.de\/2021\/wp-content\/uploads\/2025\/03\/DSCF4460.jpg 1980w\" sizes=\"auto, (max-width: 1024px) 100vw, 1024px\" \/><\/figure>\n\n\n\n<p><\/p>\n\n\n\n<figure class=\"wp-block-image size-large\"><img loading=\"lazy\" decoding=\"async\" width=\"1024\" height=\"683\" src=\"https:\/\/www.mec-nuernberg.de\/2021\/wp-content\/uploads\/2025\/03\/DSCF4447-1024x683.jpg\" alt=\"\" class=\"wp-image-1262\" srcset=\"https:\/\/www.mec-nuernberg.de\/2021\/wp-content\/uploads\/2025\/03\/DSCF4447-1024x683.jpg 1024w, https:\/\/www.mec-nuernberg.de\/2021\/wp-content\/uploads\/2025\/03\/DSCF4447-300x200.jpg 300w, https:\/\/www.mec-nuernberg.de\/2021\/wp-content\/uploads\/2025\/03\/DSCF4447-768x512.jpg 768w, https:\/\/www.mec-nuernberg.de\/2021\/wp-content\/uploads\/2025\/03\/DSCF4447-1536x1024.jpg 1536w, https:\/\/www.mec-nuernberg.de\/2021\/wp-content\/uploads\/2025\/03\/DSCF4447.jpg 1980w\" sizes=\"auto, (max-width: 1024px) 100vw, 1024px\" \/><\/figure>\n\n\n\n<p><\/p>\n\n\n\n<figure class=\"wp-block-image size-large\"><img loading=\"lazy\" decoding=\"async\" width=\"1024\" height=\"683\" src=\"https:\/\/www.mec-nuernberg.de\/2021\/wp-content\/uploads\/2025\/03\/DSCF4444-1024x683.jpg\" alt=\"\" class=\"wp-image-1260\" srcset=\"https:\/\/www.mec-nuernberg.de\/2021\/wp-content\/uploads\/2025\/03\/DSCF4444-1024x683.jpg 1024w, https:\/\/www.mec-nuernberg.de\/2021\/wp-content\/uploads\/2025\/03\/DSCF4444-300x200.jpg 300w, https:\/\/www.mec-nuernberg.de\/2021\/wp-content\/uploads\/2025\/03\/DSCF4444-768x512.jpg 768w, https:\/\/www.mec-nuernberg.de\/2021\/wp-content\/uploads\/2025\/03\/DSCF4444-1536x1024.jpg 1536w, https:\/\/www.mec-nuernberg.de\/2021\/wp-content\/uploads\/2025\/03\/DSCF4444.jpg 1980w\" sizes=\"auto, (max-width: 1024px) 100vw, 1024px\" \/><\/figure>\n\n\n\n<p><\/p>\n\n\n<div class=\"wp-block-image\">\n<figure class=\"aligncenter size-large\"><img loading=\"lazy\" decoding=\"async\" width=\"683\" height=\"1024\" src=\"https:\/\/www.mec-nuernberg.de\/2021\/wp-content\/uploads\/2025\/03\/DSCF4445-683x1024.jpg\" alt=\"\" class=\"wp-image-1261\" srcset=\"https:\/\/www.mec-nuernberg.de\/2021\/wp-content\/uploads\/2025\/03\/DSCF4445-683x1024.jpg 683w, https:\/\/www.mec-nuernberg.de\/2021\/wp-content\/uploads\/2025\/03\/DSCF4445-200x300.jpg 200w, https:\/\/www.mec-nuernberg.de\/2021\/wp-content\/uploads\/2025\/03\/DSCF4445-768x1152.jpg 768w, https:\/\/www.mec-nuernberg.de\/2021\/wp-content\/uploads\/2025\/03\/DSCF4445-1024x1536.jpg 1024w, https:\/\/www.mec-nuernberg.de\/2021\/wp-content\/uploads\/2025\/03\/DSCF4445-1365x2048.jpg 1365w, https:\/\/www.mec-nuernberg.de\/2021\/wp-content\/uploads\/2025\/03\/DSCF4445-scaled.jpg 1707w\" sizes=\"auto, (max-width: 683px) 100vw, 683px\" \/><\/figure>\n<\/div>\n\n\n<p><\/p>\n\n\n\n<figure class=\"wp-block-image size-large\"><img loading=\"lazy\" decoding=\"async\" width=\"1024\" height=\"683\" src=\"https:\/\/www.mec-nuernberg.de\/2021\/wp-content\/uploads\/2025\/03\/DSCF4439-1024x683.jpg\" alt=\"\" class=\"wp-image-1257\" srcset=\"https:\/\/www.mec-nuernberg.de\/2021\/wp-content\/uploads\/2025\/03\/DSCF4439-1024x683.jpg 1024w, https:\/\/www.mec-nuernberg.de\/2021\/wp-content\/uploads\/2025\/03\/DSCF4439-300x200.jpg 300w, https:\/\/www.mec-nuernberg.de\/2021\/wp-content\/uploads\/2025\/03\/DSCF4439-768x512.jpg 768w, https:\/\/www.mec-nuernberg.de\/2021\/wp-content\/uploads\/2025\/03\/DSCF4439-1536x1024.jpg 1536w, https:\/\/www.mec-nuernberg.de\/2021\/wp-content\/uploads\/2025\/03\/DSCF4439.jpg 1980w\" sizes=\"auto, (max-width: 1024px) 100vw, 1024px\" \/><\/figure>\n\n\n\n<p><\/p>\n\n\n\n<figure class=\"wp-block-image size-large\"><img loading=\"lazy\" decoding=\"async\" width=\"1024\" height=\"683\" src=\"https:\/\/www.mec-nuernberg.de\/2021\/wp-content\/uploads\/2025\/03\/DSCF4440-1024x683.jpg\" alt=\"\" class=\"wp-image-1258\" srcset=\"https:\/\/www.mec-nuernberg.de\/2021\/wp-content\/uploads\/2025\/03\/DSCF4440-1024x683.jpg 1024w, https:\/\/www.mec-nuernberg.de\/2021\/wp-content\/uploads\/2025\/03\/DSCF4440-300x200.jpg 300w, https:\/\/www.mec-nuernberg.de\/2021\/wp-content\/uploads\/2025\/03\/DSCF4440-768x512.jpg 768w, https:\/\/www.mec-nuernberg.de\/2021\/wp-content\/uploads\/2025\/03\/DSCF4440-1536x1024.jpg 1536w, https:\/\/www.mec-nuernberg.de\/2021\/wp-content\/uploads\/2025\/03\/DSCF4440.jpg 1980w\" sizes=\"auto, (max-width: 1024px) 100vw, 1024px\" \/><\/figure>\n","protected":false},"excerpt":{"rendered":"<p>Die Modulanlage ist flexibel geplant und erm\u00f6glicht den Aufbau unterschiedlicher Formvarianten. Steckbrief Modul-Anlage Grundkonzept: Digitale 2-Leiter DCC Modellbahn\u00a0Zweigleisige Hauptbahn als Hundeknochen mit 2 Wenden und abzweigender NebenbahnDerzeit im Bau ca. 20m Modull\u00e4nge und 60m Gleisl\u00e4nge, nach Fremo\u00a0Nebenbahn mit mehreren Zwischenbahnh\u00f6fen und Betriebsstellen und 2 Abstellbahnh\u00f6fenDerzeit ca. 40m Modull\u00e4nge und 90m Gleisl\u00e4nge fertiggestellt oder im Bau, &#8230; <\/p>\n<p class=\"read-more-container\"><a title=\"Mobile Modulanlage\" class=\"read-more button\" href=\"https:\/\/www.mec-nuernberg.de\/2021\/anlagen\/mobile-modulanlage\/#more-67\" aria-label=\"Mehr zu Mobile Modulanlage\">Weiterlesen &#8230; <\/a><\/p>\n","protected":false},"author":1,"featured_media":0,"parent":53,"menu_order":2,"comment_status":"closed","ping_status":"closed","template":"","meta":{"footnotes":""},"folder":[],"class_list":["post-67","page","type-page","status-publish"],"_links":{"self":[{"href":"https:\/\/www.mec-nuernberg.de\/2021\/wp-json\/wp\/v2\/pages\/67","targetHints":{"allow":["GET"]}}],"collection":[{"href":"https:\/\/www.mec-nuernberg.de\/2021\/wp-json\/wp\/v2\/pages"}],"about":[{"href":"https:\/\/www.mec-nuernberg.de\/2021\/wp-json\/wp\/v2\/types\/page"}],"author":[{"embeddable":true,"href":"https:\/\/www.mec-nuernberg.de\/2021\/wp-json\/wp\/v2\/users\/1"}],"replies":[{"embeddable":true,"href":"https:\/\/www.mec-nuernberg.de\/2021\/wp-json\/wp\/v2\/comments?post=67"}],"version-history":[{"count":5,"href":"https:\/\/www.mec-nuernberg.de\/2021\/wp-json\/wp\/v2\/pages\/67\/revisions"}],"predecessor-version":[{"id":1266,"href":"https:\/\/www.mec-nuernberg.de\/2021\/wp-json\/wp\/v2\/pages\/67\/revisions\/1266"}],"up":[{"embeddable":true,"href":"https:\/\/www.mec-nuernberg.de\/2021\/wp-json\/wp\/v2\/pages\/53"}],"wp:attachment":[{"href":"https:\/\/www.mec-nuernberg.de\/2021\/wp-json\/wp\/v2\/media?parent=67"}],"wp:term":[{"taxonomy":"folder","embeddable":true,"href":"https:\/\/www.mec-nuernberg.de\/2021\/wp-json\/wp\/v2\/folder?post=67"}],"curies":[{"name":"wp","href":"https:\/\/api.w.org\/{rel}","templated":true}]}}