{"id":55,"date":"2021-01-01T10:27:52","date_gmt":"2021-01-01T09:27:52","guid":{"rendered":"https:\/\/www.mec-nuernberg.de\/2021\/?page_id=55"},"modified":"2024-04-17T14:01:53","modified_gmt":"2024-04-17T12:01:53","slug":"stationaere-clubanlage","status":"publish","type":"page","link":"https:\/\/www.mec-nuernberg.de\/2021\/anlagen\/stationaere-clubanlage\/","title":{"rendered":"Station\u00e4re Clubanlage"},"content":{"rendered":"\n<figure class=\"wp-block-image size-large\"><img loading=\"lazy\" decoding=\"async\" width=\"1024\" height=\"705\" src=\"https:\/\/www.mec-nuernberg.de\/2021\/wp-content\/uploads\/2021\/01\/MEC_Nuernberg_007-1024x705.jpg\" alt=\"\" class=\"wp-image-61\" srcset=\"https:\/\/www.mec-nuernberg.de\/2021\/wp-content\/uploads\/2021\/01\/MEC_Nuernberg_007-1024x705.jpg 1024w, https:\/\/www.mec-nuernberg.de\/2021\/wp-content\/uploads\/2021\/01\/MEC_Nuernberg_007-300x206.jpg 300w, https:\/\/www.mec-nuernberg.de\/2021\/wp-content\/uploads\/2021\/01\/MEC_Nuernberg_007-768x529.jpg 768w, https:\/\/www.mec-nuernberg.de\/2021\/wp-content\/uploads\/2021\/01\/MEC_Nuernberg_007-1536x1057.jpg 1536w, https:\/\/www.mec-nuernberg.de\/2021\/wp-content\/uploads\/2021\/01\/MEC_Nuernberg_007-2048x1410.jpg 2048w\" sizes=\"auto, (max-width: 1024px) 100vw, 1024px\" \/><\/figure>\n\n\n\n<p id=\"block-7314b39e-be10-4448-8e5d-ab3fe4559706\">Die neue Anlage des MEC ist in T-Form aufgebaut und thematisiert eine zweigleisige Hauptbahn mit zwei gro\u00dfen Schattenbahnh\u00f6fen mit insgesamt 60 Abstellm\u00f6glichkeiten sowie einer abzweigenden Nebenbahn.<br>Vom Hauptbahnhof aus wird auch ein Industriegebiet mit Rangierm\u00f6glichkeiten sowie ein kleines Bahn-betriebswerk angefahren.<\/p>\n\n\n\n<p id=\"block-8d2dfc31-aa05-4080-bcb4-ed83439d91a7\">Der Hauptbahnhof hat sieben Gleise, der Nebenbahnhof drei Gleise mit jeweils zus\u00e4tzlichen Neben- und Abstellgleisen.<\/p>\n\n\n\n<p id=\"block-2bd3c9a2-ff48-456a-b51d-909f5d3700c8\">Die Steuerung erfolgt mit Hilfe einer selbst programmierten Software, wobei sowohl analoge wie auch digitale Fahrzeuge angesteuert werden k\u00f6nnen.<\/p>\n\n\n\n<figure class=\"wp-block-image size-large\" id=\"block-fd1532af-1ef4-4128-919b-d3ec46eb2f67\"><img loading=\"lazy\" decoding=\"async\" width=\"1024\" height=\"530\" src=\"https:\/\/www.mec-nuernberg.de\/2021\/wp-content\/uploads\/2021\/01\/MEC_Nuernberg_002-1024x530.jpg\" alt=\"\" class=\"wp-image-60\" srcset=\"https:\/\/www.mec-nuernberg.de\/2021\/wp-content\/uploads\/2021\/01\/MEC_Nuernberg_002-1024x530.jpg 1024w, https:\/\/www.mec-nuernberg.de\/2021\/wp-content\/uploads\/2021\/01\/MEC_Nuernberg_002-300x155.jpg 300w, https:\/\/www.mec-nuernberg.de\/2021\/wp-content\/uploads\/2021\/01\/MEC_Nuernberg_002-768x397.jpg 768w, https:\/\/www.mec-nuernberg.de\/2021\/wp-content\/uploads\/2021\/01\/MEC_Nuernberg_002-1536x794.jpg 1536w, https:\/\/www.mec-nuernberg.de\/2021\/wp-content\/uploads\/2021\/01\/MEC_Nuernberg_002-2048x1059.jpg 2048w\" sizes=\"auto, (max-width: 1024px) 100vw, 1024px\" \/><\/figure>\n\n\n\n<p id=\"block-7393d7ed-8c97-4be2-a170-41cb1a800ac7\"><strong>Steckbrief Clubanlage<\/strong>:<\/p>\n\n\n\n<figure class=\"wp-block-table is-style-stripes\"><table><tbody><tr><td>Anlagengrundfl\u00e4che:<\/td><td>ca. 24 m\u00b2<\/td><\/tr><tr><td>Gleisl\u00e4nge:<\/td><td>ca. 400 m<\/td><\/tr><tr><td>Weichen:<\/td><td>ca. 110 St\u00fcck<\/td><\/tr><tr><td>Signale:<\/td><td>ca. 40 St\u00fcck<\/td><\/tr><tr><td>Einsetzbare Z\u00fcge:<\/td><td>ca. 70 Garnituren<\/td><\/tr><tr><td>Maximale L\u00e4nge der Zuggarnituren:<\/td><td>ca. 270 cm<\/td><\/tr><tr><td>Gleichzeitig fahrbare Z\u00fcge:<\/td><td>ca. 10 Garnituren<\/td><\/tr><tr><td>Zwei Abstellbahnh\u00f6fe<\/td><td>jeweils 15 Gleise<\/td><\/tr><tr><td>\ufeff<\/td><td>Platz f\u00fcr insgesamt 60 Z\u00fcge<\/td><\/tr><\/tbody><\/table><\/figure>\n\n\n\n<p id=\"block-15ca9268-bfa6-44a0-ad39-2c75e4d47401\">G\u00e4ste k\u00f6nnen gerne ihre Zweileiter-Fahrzeuge mitbringen und auf unserer Anlage fahren lassen.<\/p>\n\n\n\n<figure class=\"wp-block-image size-large\" id=\"block-67e475b2-f1fb-4bba-a757-f7283a19d78b\"><img loading=\"lazy\" decoding=\"async\" width=\"1024\" height=\"506\" src=\"https:\/\/www.mec-nuernberg.de\/2021\/wp-content\/uploads\/2021\/01\/MEC_Nuernberg_013-1024x506.jpg\" alt=\"\" class=\"wp-image-63\" srcset=\"https:\/\/www.mec-nuernberg.de\/2021\/wp-content\/uploads\/2021\/01\/MEC_Nuernberg_013-1024x506.jpg 1024w, https:\/\/www.mec-nuernberg.de\/2021\/wp-content\/uploads\/2021\/01\/MEC_Nuernberg_013-300x148.jpg 300w, https:\/\/www.mec-nuernberg.de\/2021\/wp-content\/uploads\/2021\/01\/MEC_Nuernberg_013-768x379.jpg 768w, https:\/\/www.mec-nuernberg.de\/2021\/wp-content\/uploads\/2021\/01\/MEC_Nuernberg_013-1536x759.jpg 1536w, https:\/\/www.mec-nuernberg.de\/2021\/wp-content\/uploads\/2021\/01\/MEC_Nuernberg_013-2048x1012.jpg 2048w\" sizes=\"auto, (max-width: 1024px) 100vw, 1024px\" \/><\/figure>\n","protected":false},"excerpt":{"rendered":"<p>Die neue Anlage des MEC ist in T-Form aufgebaut und thematisiert eine zweigleisige Hauptbahn mit zwei gro\u00dfen Schattenbahnh\u00f6fen mit insgesamt 60 Abstellm\u00f6glichkeiten sowie einer abzweigenden Nebenbahn.Vom Hauptbahnhof aus wird auch ein Industriegebiet mit Rangierm\u00f6glichkeiten sowie ein kleines Bahn-betriebswerk angefahren. Der Hauptbahnhof hat sieben Gleise, der Nebenbahnhof drei Gleise mit jeweils zus\u00e4tzlichen Neben- und Abstellgleisen. Die &#8230; <\/p>\n<p class=\"read-more-container\"><a title=\"Station\u00e4re Clubanlage\" class=\"read-more button\" href=\"https:\/\/www.mec-nuernberg.de\/2021\/anlagen\/stationaere-clubanlage\/#more-55\" aria-label=\"Mehr zu Station\u00e4re Clubanlage\">Weiterlesen &#8230; <\/a><\/p>\n","protected":false},"author":1,"featured_media":0,"parent":53,"menu_order":0,"comment_status":"closed","ping_status":"closed","template":"","meta":{"footnotes":""},"folder":[],"class_list":["post-55","page","type-page","status-publish"],"_links":{"self":[{"href":"https:\/\/www.mec-nuernberg.de\/2021\/wp-json\/wp\/v2\/pages\/55","targetHints":{"allow":["GET"]}}],"collection":[{"href":"https:\/\/www.mec-nuernberg.de\/2021\/wp-json\/wp\/v2\/pages"}],"about":[{"href":"https:\/\/www.mec-nuernberg.de\/2021\/wp-json\/wp\/v2\/types\/page"}],"author":[{"embeddable":true,"href":"https:\/\/www.mec-nuernberg.de\/2021\/wp-json\/wp\/v2\/users\/1"}],"replies":[{"embeddable":true,"href":"https:\/\/www.mec-nuernberg.de\/2021\/wp-json\/wp\/v2\/comments?post=55"}],"version-history":[{"count":5,"href":"https:\/\/www.mec-nuernberg.de\/2021\/wp-json\/wp\/v2\/pages\/55\/revisions"}],"predecessor-version":[{"id":1018,"href":"https:\/\/www.mec-nuernberg.de\/2021\/wp-json\/wp\/v2\/pages\/55\/revisions\/1018"}],"up":[{"embeddable":true,"href":"https:\/\/www.mec-nuernberg.de\/2021\/wp-json\/wp\/v2\/pages\/53"}],"wp:attachment":[{"href":"https:\/\/www.mec-nuernberg.de\/2021\/wp-json\/wp\/v2\/media?parent=55"}],"wp:term":[{"taxonomy":"folder","embeddable":true,"href":"https:\/\/www.mec-nuernberg.de\/2021\/wp-json\/wp\/v2\/folder?post=55"}],"curies":[{"name":"wp","href":"https:\/\/api.w.org\/{rel}","templated":true}]}}