{"id":11,"date":"2021-01-01T09:45:54","date_gmt":"2021-01-01T08:45:54","guid":{"rendered":"https:\/\/www.mec-nuernberg.de\/2021\/?page_id=11"},"modified":"2023-05-24T08:41:45","modified_gmt":"2023-05-24T06:41:45","slug":"ueber-uns","status":"publish","type":"page","link":"https:\/\/www.mec-nuernberg.de\/2021\/ueber-uns\/","title":{"rendered":"\u00dcber uns"},"content":{"rendered":"\n<p><p id=\"block-987607ac-191e-4dba-955b-1acd1666d49a\">Wir betreiben mehrere Anlagen im Ma\u00dfstab H0 im 2-Leiter-Gleichstromsystem, analog und digital im DCC-Format.<br><br>Der Verein wurde 1948 von Modellbahnenthusiasten gegr\u00fcndet. Unsere Anlage befand sich bis 1992 im Keller des N\u00fcrnberger Verkehrsmuseums. Von dort folgte der Umzug in das ehemalige Bahnhofsgeb\u00e4ude Neus\u00fcndersb\u00fchl. Ein weiterer Umzug fand im Jahr 2015 statt. Mit viel Muskelkraft und Spa\u00df bewerkstelligten die Mitglieder diese Aufgabe.<br><br>In unserem neuen Vereinsheim treffen wir uns zu gemeinsamen Club- und Bauabenden zum Planen und Erstellen der Anlagen, aber auch zum Erfahrungsaustausch, zum Fachsimpeln und zum Unterhalten.<br><\/p><\/p>\n\n\n\n<h2 class=\"wp-block-heading\" id=\"block-1a5117a7-4da8-4144-96ba-e6238d2eaf98\">Jugendgruppe<\/h2>\n\n\n\n<p><p id=\"block-46e4f3ff-68b7-4817-9e5f-6cc208275de6\">Seit 2020 hat unser Verein auch eine Jugendgruppe. Die Kinder und Jugendlichen bauen Schritt f\u00fcr Schritt eine separate kleine Anlage. Dabei lernen Sie &#8211; angeleitet von erfahrenen Modellbahnern &#8211; verschiedene Techniken und Fertigkeiten zum Anlagenbau kennen.<\/p><\/p>\n","protected":false},"excerpt":{"rendered":"<p>Wir betreiben mehrere Anlagen im Ma\u00dfstab H0 im 2-Leiter-Gleichstromsystem, analog und digital im DCC-Format. Der Verein wurde 1948 von Modellbahnenthusiasten gegr\u00fcndet. Unsere Anlage befand sich bis 1992 im Keller des N\u00fcrnberger Verkehrsmuseums. Von dort folgte der Umzug in das ehemalige Bahnhofsgeb\u00e4ude Neus\u00fcndersb\u00fchl. Ein weiterer Umzug fand im Jahr 2015 statt. Mit viel Muskelkraft und Spa\u00df &#8230; <\/p>\n<p class=\"read-more-container\"><a title=\"\u00dcber uns\" class=\"read-more button\" href=\"https:\/\/www.mec-nuernberg.de\/2021\/ueber-uns\/#more-11\" aria-label=\"Mehr zu \u00dcber uns\">Weiterlesen &#8230; <\/a><\/p>\n","protected":false},"author":1,"featured_media":0,"parent":0,"menu_order":0,"comment_status":"closed","ping_status":"closed","template":"","meta":{"footnotes":""},"folder":[],"class_list":["post-11","page","type-page","status-publish"],"_links":{"self":[{"href":"https:\/\/www.mec-nuernberg.de\/2021\/wp-json\/wp\/v2\/pages\/11","targetHints":{"allow":["GET"]}}],"collection":[{"href":"https:\/\/www.mec-nuernberg.de\/2021\/wp-json\/wp\/v2\/pages"}],"about":[{"href":"https:\/\/www.mec-nuernberg.de\/2021\/wp-json\/wp\/v2\/types\/page"}],"author":[{"embeddable":true,"href":"https:\/\/www.mec-nuernberg.de\/2021\/wp-json\/wp\/v2\/users\/1"}],"replies":[{"embeddable":true,"href":"https:\/\/www.mec-nuernberg.de\/2021\/wp-json\/wp\/v2\/comments?post=11"}],"version-history":[{"count":2,"href":"https:\/\/www.mec-nuernberg.de\/2021\/wp-json\/wp\/v2\/pages\/11\/revisions"}],"predecessor-version":[{"id":750,"href":"https:\/\/www.mec-nuernberg.de\/2021\/wp-json\/wp\/v2\/pages\/11\/revisions\/750"}],"wp:attachment":[{"href":"https:\/\/www.mec-nuernberg.de\/2021\/wp-json\/wp\/v2\/media?parent=11"}],"wp:term":[{"taxonomy":"folder","embeddable":true,"href":"https:\/\/www.mec-nuernberg.de\/2021\/wp-json\/wp\/v2\/folder?post=11"}],"curies":[{"name":"wp","href":"https:\/\/api.w.org\/{rel}","templated":true}]}}